{"id":1876,"date":"2024-05-18T02:06:06","date_gmt":"2024-05-18T08:06:06","guid":{"rendered":"https:\/\/babycravy.com\/?page_id=1876"},"modified":"2024-06-11T12:57:31","modified_gmt":"2024-06-11T18:57:31","slug":"carrito","status":"publish","type":"page","link":"https:\/\/babycravy.com\/?page_id=1876","title":{"rendered":"Carrito"},"content":{"rendered":"\n<h5 class=\"wp-block-heading has-text-align-center\">\u00a1Bienvenid@s a nuestra nueva tienda en l\u00ednea! <\/h5>\n\n\n\n<h6 class=\"wp-block-heading has-text-align-center\">Por el momento, esta tienda solo tiene cobertura para env\u00edos en CDMX y \u00c1rea Metropolitana. Para compras y env\u00edos fuera de CDMX y AM, por favor, escr\u00edbenos por Facebook, Instagram o WhatsApp. \u00a1Muchas gracias por tu preferencia!<\/h6>\n\n\n\n<div data-block-name=\"woocommerce\/cart\" class=\"wp-block-woocommerce-cart alignwide is-loading\">\n<div data-block-name=\"woocommerce\/filled-cart-block\" class=\"wp-block-woocommerce-filled-cart-block\">\n<div data-block-name=\"woocommerce\/cart-items-block\" class=\"wp-block-woocommerce-cart-items-block\">\n<div data-block-name=\"woocommerce\/cart-line-items-block\" class=\"wp-block-woocommerce-cart-line-items-block\"><\/div>\n\n\n\n<div data-block-name=\"woocommerce\/cart-cross-sells-block\" class=\"wp-block-woocommerce-cart-cross-sells-block\">\n<h2 class=\"wp-block-heading has-large-font-size\">Puede que te interese\u2026<\/h2>\n\n\n\n<div data-block-name=\"woocommerce\/cart-cross-sells-products-block\" class=\"wp-block-woocommerce-cart-cross-sells-products-block\"><\/div>\n<\/div>\n<\/div>\n\n\n\n<div data-block-name=\"woocommerce\/cart-totals-block\" class=\"wp-block-woocommerce-cart-totals-block\">\n<div data-block-name=\"woocommerce\/cart-order-summary-block\" class=\"wp-block-woocommerce-cart-order-summary-block\">\n<div data-block-name=\"woocommerce\/cart-order-summary-heading-block\" data-content=\"Total\" class=\"wp-block-woocommerce-cart-order-summary-heading-block\"><\/div><div data-block-name=\"woocommerce\/cart-order-summary-coupon-form-block\" class=\"wp-block-woocommerce-cart-order-summary-coupon-form-block\"><\/div><div data-block-name=\"woocommerce\/cart-order-summary-totals-block\" class=\"wp-block-woocommerce-cart-order-summary-totals-block\">\n<div data-block-name=\"woocommerce\/cart-order-summary-subtotal-block\" class=\"wp-block-woocommerce-cart-order-summary-subtotal-block\"><\/div>\n<div data-block-name=\"woocommerce\/cart-order-summary-discount-block\" class=\"wp-block-woocommerce-cart-order-summary-discount-block\"><\/div>\n<div data-block-name=\"woocommerce\/cart-order-summary-fee-block\" class=\"wp-block-woocommerce-cart-order-summary-fee-block\"><\/div>\n<div data-block-name=\"woocommerce\/cart-order-summary-shipping-block\" class=\"wp-block-woocommerce-cart-order-summary-shipping-block\"><\/div>\n<div data-block-name=\"woocommerce\/cart-order-summary-taxes-block\" class=\"wp-block-woocommerce-cart-order-summary-taxes-block\"><\/div><\/div>\n<\/div>\n\n\n\n<div data-block-name=\"woocommerce\/cart-express-payment-block\" class=\"wp-block-woocommerce-cart-express-payment-block\"><\/div>\n\n\n\n<div data-block-name=\"woocommerce\/proceed-to-checkout-block\" class=\"wp-block-woocommerce-proceed-to-checkout-block\"><\/div>\n\n\n\n<div data-block-name=\"woocommerce\/cart-accepted-payment-methods-block\" class=\"wp-block-woocommerce-cart-accepted-payment-methods-block\"><\/div>\n<\/div>\n<\/div>\n\n\n\n<div data-block-name=\"woocommerce\/empty-cart-block\" class=\"wp-block-woocommerce-empty-cart-block\">\n<h2 class=\"wp-block-heading has-text-align-center with-empty-cart-icon wc-block-cart__empty-cart__title\">\u00a1Tu carrito actualmente est\u00e1 vac\u00edo!<\/h2>\n\n\n\n<hr class=\"wp-block-separator has-alpha-channel-opacity is-style-dots\"\/>\n\n\n\n<h2 class=\"wp-block-heading has-text-align-center\">Nuevo en la tienda<\/h2>\n\n\n<div data-block-name=\"woocommerce\/product-new\" data-columns=\"4\" data-rows=\"1\" class=\"wc-block-grid wp-block-product-new wp-block-woocommerce-product-new wc-block-product-new has-4-columns\"><ul class=\"wc-block-grid__products\"><li class=\"wc-block-grid__product\">\n\t\t\t\t<a href=\"https:\/\/babycravy.com\/?product=durazno-ciclo-1-papilla-120g\" class=\"wc-block-grid__product-link\">\n\t\t\t\t\t\n\t\t\t\t\t<div class=\"wc-block-grid__product-image\"><img fetchpriority=\"high\" decoding=\"async\" width=\"300\" height=\"300\" src=\"https:\/\/babycravy.com\/wp-content\/uploads\/2024\/05\/Papillas-2-300x300.jpg\" class=\"attachment-woocommerce_thumbnail size-woocommerce_thumbnail\" alt=\"Durazno - Ciclo 1 (Papilla, 120g)\" srcset=\"https:\/\/babycravy.com\/wp-content\/uploads\/2024\/05\/Papillas-2-300x300.jpg 300w, https:\/\/babycravy.com\/wp-content\/uploads\/2024\/05\/Papillas-2-150x150.jpg 150w, https:\/\/babycravy.com\/wp-content\/uploads\/2024\/05\/Papillas-2-100x100.jpg 100w\" sizes=\"(max-width: 300px) 100vw, 300px\" \/><\/div>\n\t\t\t\t\t<div class=\"wc-block-grid__product-title\">Durazno &#8211; Ciclo 1 (Papilla, 120g)<\/div>\n\t\t\t\t<\/a>\n\t\t\t\t<div class=\"wc-block-grid__product-price price\"><span class=\"woocommerce-Price-amount amount\"><span class=\"woocommerce-Price-currencySymbol\">&#036;<\/span>80.00<\/span><\/div>\n\t\t\t\t\n\t\t\t\t<div class=\"wp-block-button wc-block-grid__product-add-to-cart\"><a href=\"\/index.php?rest_route=%2Fwp%2Fv2%2Fpages%2F1876&#038;add-to-cart=2212\" aria-label=\"Add to cart: &ldquo;Durazno - Ciclo 1 (Papilla, 120g)&rdquo;\" data-quantity=\"1\" data-product_id=\"2212\" data-product_sku=\"C1Durazno120g\" data-price=\"80\" rel=\"nofollow\" class=\"wp-block-button__link  add_to_cart_button ajax_add_to_cart\">A\u00f1adir al carrito<\/a><\/div>\n\t\t\t<\/li><li class=\"wc-block-grid__product\">\n\t\t\t\t<a href=\"https:\/\/babycravy.com\/?product=ciclo-4-noel\" class=\"wc-block-grid__product-link\">\n\t\t\t\t\t\n\t\t\t\t\t<div class=\"wc-block-grid__product-image\"><img decoding=\"async\" width=\"300\" height=\"300\" src=\"https:\/\/babycravy.com\/wp-content\/uploads\/2024\/12\/Noel-Servido-300x300.jpg\" class=\"attachment-woocommerce_thumbnail size-woocommerce_thumbnail\" alt=\"Ciclo 4 Noel\" srcset=\"https:\/\/babycravy.com\/wp-content\/uploads\/2024\/12\/Noel-Servido-300x300.jpg 300w, https:\/\/babycravy.com\/wp-content\/uploads\/2024\/12\/Noel-Servido-1024x1024.jpg 1024w, https:\/\/babycravy.com\/wp-content\/uploads\/2024\/12\/Noel-Servido-150x150.jpg 150w, https:\/\/babycravy.com\/wp-content\/uploads\/2024\/12\/Noel-Servido-768x768.jpg 768w, https:\/\/babycravy.com\/wp-content\/uploads\/2024\/12\/Noel-Servido-600x600.jpg 600w, https:\/\/babycravy.com\/wp-content\/uploads\/2024\/12\/Noel-Servido-100x100.jpg 100w, https:\/\/babycravy.com\/wp-content\/uploads\/2024\/12\/Noel-Servido.jpg 1440w\" sizes=\"(max-width: 300px) 100vw, 300px\" \/><\/div>\n\t\t\t\t\t<div class=\"wc-block-grid__product-title\">Ciclo 4 Noel<\/div>\n\t\t\t\t<\/a>\n\t\t\t\t<div class=\"wc-block-grid__product-price price\"><span class=\"woocommerce-Price-amount amount\"><span class=\"woocommerce-Price-currencySymbol\">&#036;<\/span>165.00<\/span><\/div>\n\t\t\t\t\n\t\t\t\t<div class=\"wp-block-button wc-block-grid__product-add-to-cart\"><a href=\"\/index.php?rest_route=%2Fwp%2Fv2%2Fpages%2F1876&#038;add-to-cart=2207\" aria-label=\"Add to cart: &ldquo;Ciclo 4 Noel&rdquo;\" data-quantity=\"1\" data-product_id=\"2207\" data-product_sku=\"C4Noel240g\" data-price=\"165\" rel=\"nofollow\" class=\"wp-block-button__link  add_to_cart_button ajax_add_to_cart\">A\u00f1adir al carrito<\/a><\/div>\n\t\t\t<\/li><li class=\"wc-block-grid__product\">\n\t\t\t\t<a href=\"https:\/\/babycravy.com\/?product=snacks-familiares-tunny\" class=\"wc-block-grid__product-link\">\n\t\t\t\t\t\n\t\t\t\t\t<div class=\"wc-block-grid__product-image\"><img decoding=\"async\" width=\"300\" height=\"300\" src=\"https:\/\/babycravy.com\/wp-content\/uploads\/2024\/05\/Tunny-1-Scaled-300x300.png\" class=\"attachment-woocommerce_thumbnail size-woocommerce_thumbnail\" alt=\"Snacks Familiares Tunny\" srcset=\"https:\/\/babycravy.com\/wp-content\/uploads\/2024\/05\/Tunny-1-Scaled-300x300.png 300w, https:\/\/babycravy.com\/wp-content\/uploads\/2024\/05\/Tunny-1-Scaled-150x150.png 150w, https:\/\/babycravy.com\/wp-content\/uploads\/2024\/05\/Tunny-1-Scaled-100x100.png 100w\" sizes=\"(max-width: 300px) 100vw, 300px\" \/><\/div>\n\t\t\t\t\t<div class=\"wc-block-grid__product-title\">Snacks Familiares Tunny<\/div>\n\t\t\t\t<\/a>\n\t\t\t\t<div class=\"wc-block-grid__product-price price\"><span class=\"woocommerce-Price-amount amount\"><span class=\"woocommerce-Price-currencySymbol\">&#036;<\/span>100.00<\/span><\/div>\n\t\t\t\t\n\t\t\t\t<div class=\"wp-block-button wc-block-grid__product-add-to-cart\"><a href=\"\/index.php?rest_route=%2Fwp%2Fv2%2Fpages%2F1876&#038;add-to-cart=2084\" aria-label=\"Add to cart: &ldquo;Snacks Familiares Tunny&rdquo;\" data-quantity=\"1\" data-product_id=\"2084\" data-product_sku=\"SnkFamTunny100g\" data-price=\"100\" rel=\"nofollow\" class=\"wp-block-button__link  add_to_cart_button ajax_add_to_cart\">A\u00f1adir al carrito<\/a><\/div>\n\t\t\t<\/li><li class=\"wc-block-grid__product\">\n\t\t\t\t<a href=\"https:\/\/babycravy.com\/?product=snacks-familiares-tortichicken\" class=\"wc-block-grid__product-link\">\n\t\t\t\t\t\n\t\t\t\t\t<div class=\"wc-block-grid__product-image\"><img loading=\"lazy\" decoding=\"async\" width=\"300\" height=\"300\" src=\"https:\/\/babycravy.com\/wp-content\/uploads\/2024\/05\/Tortichicken-3-300x300.jpeg\" class=\"attachment-woocommerce_thumbnail size-woocommerce_thumbnail\" alt=\"Snacks Familiares Tortichicken\" srcset=\"https:\/\/babycravy.com\/wp-content\/uploads\/2024\/05\/Tortichicken-3-300x300.jpeg 300w, https:\/\/babycravy.com\/wp-content\/uploads\/2024\/05\/Tortichicken-3-1024x1024.jpeg 1024w, https:\/\/babycravy.com\/wp-content\/uploads\/2024\/05\/Tortichicken-3-150x150.jpeg 150w, https:\/\/babycravy.com\/wp-content\/uploads\/2024\/05\/Tortichicken-3-768x768.jpeg 768w, https:\/\/babycravy.com\/wp-content\/uploads\/2024\/05\/Tortichicken-3-1536x1536.jpeg 1536w, https:\/\/babycravy.com\/wp-content\/uploads\/2024\/05\/Tortichicken-3-1320x1320.jpeg 1320w, https:\/\/babycravy.com\/wp-content\/uploads\/2024\/05\/Tortichicken-3-600x600.jpeg 600w, https:\/\/babycravy.com\/wp-content\/uploads\/2024\/05\/Tortichicken-3-100x100.jpeg 100w, https:\/\/babycravy.com\/wp-content\/uploads\/2024\/05\/Tortichicken-3.jpeg 1600w\" sizes=\"(max-width: 300px) 100vw, 300px\" \/><\/div>\n\t\t\t\t\t<div class=\"wc-block-grid__product-title\">Snacks Familiares Tortichicken<\/div>\n\t\t\t\t<\/a>\n\t\t\t\t<div class=\"wc-block-grid__product-price price\"><span class=\"woocommerce-Price-amount amount\"><span class=\"woocommerce-Price-currencySymbol\">&#036;<\/span>100.00<\/span><\/div>\n\t\t\t\t\n\t\t\t\t<div class=\"wp-block-button wc-block-grid__product-add-to-cart\"><a href=\"\/index.php?rest_route=%2Fwp%2Fv2%2Fpages%2F1876&#038;add-to-cart=2083\" aria-label=\"Add to cart: &ldquo;Snacks Familiares Tortichicken&rdquo;\" data-quantity=\"1\" data-product_id=\"2083\" data-product_sku=\"SnkFamTortichicken100g\" data-price=\"100\" rel=\"nofollow\" class=\"wp-block-button__link  add_to_cart_button ajax_add_to_cart\">A\u00f1adir al carrito<\/a><\/div>\n\t\t\t<\/li><\/ul><\/div><\/div>\n<\/div>\n","protected":false},"excerpt":{"rendered":"<p>\u00a1Bienvenid@s a nuestra nueva tienda en l\u00ednea! Por el momento, esta tienda solo tiene cobertura para env\u00edos en CDMX y \u00c1rea Metropolitana. Para compras y env\u00edos fuera de CDMX y AM, por favor, escr\u00edbenos por Facebook, Instagram o WhatsApp. \u00a1Muchas gracias por tu preferencia!<\/p>\n","protected":false},"author":1,"featured_media":0,"parent":0,"menu_order":0,"comment_status":"closed","ping_status":"closed","template":"","meta":{"om_disable_all_campaigns":false,"_monsterinsights_skip_tracking":false,"_monsterinsights_sitenote_active":false,"_monsterinsights_sitenote_note":"","_monsterinsights_sitenote_category":0,"_uf_show_specific_survey":0,"_uf_disable_surveys":false,"neve_meta_sidebar":"","neve_meta_container":"","neve_meta_enable_content_width":"","neve_meta_content_width":0,"neve_meta_title_alignment":"","neve_meta_author_avatar":"","neve_post_elements_order":"","neve_meta_disable_header":"","neve_meta_disable_footer":"","neve_meta_disable_title":"","footnotes":""},"class_list":["post-1876","page","type-page","status-publish","hentry"],"aioseo_notices":[],"jetpack_sharing_enabled":true,"_links":{"self":[{"href":"https:\/\/babycravy.com\/index.php?rest_route=\/wp\/v2\/pages\/1876","targetHints":{"allow":["GET"]}}],"collection":[{"href":"https:\/\/babycravy.com\/index.php?rest_route=\/wp\/v2\/pages"}],"about":[{"href":"https:\/\/babycravy.com\/index.php?rest_route=\/wp\/v2\/types\/page"}],"author":[{"embeddable":true,"href":"https:\/\/babycravy.com\/index.php?rest_route=\/wp\/v2\/users\/1"}],"replies":[{"embeddable":true,"href":"https:\/\/babycravy.com\/index.php?rest_route=%2Fwp%2Fv2%2Fcomments&post=1876"}],"version-history":[{"count":4,"href":"https:\/\/babycravy.com\/index.php?rest_route=\/wp\/v2\/pages\/1876\/revisions"}],"predecessor-version":[{"id":2166,"href":"https:\/\/babycravy.com\/index.php?rest_route=\/wp\/v2\/pages\/1876\/revisions\/2166"}],"wp:attachment":[{"href":"https:\/\/babycravy.com\/index.php?rest_route=%2Fwp%2Fv2%2Fmedia&parent=1876"}],"curies":[{"name":"wp","href":"https:\/\/api.w.org\/{rel}","templated":true}]}}