{"id":9,"date":"2020-09-09T11:49:05","date_gmt":"2020-09-09T11:49:05","guid":{"rendered":"http:\/\/babycravy.com\/?page_id=9"},"modified":"2024-04-04T14:50:48","modified_gmt":"2024-04-04T14:50:48","slug":"home","status":"publish","type":"page","link":"https:\/\/babycravy.com\/","title":{"rendered":"Inicio"},"content":{"rendered":"\n<div class=\"bg-principal\" id=\"principal\">\n  <div class=\"container\">\n    <h1>Alimentamos su imaginaci\u00f3n<\/h1>\n    <h3>Cubitos de comida para beb\u00e9, saludable, deliciosa y s\u00faper nutritiva para una perfecta introducci\u00f3n a s\u00f3lidos.<\/h3>\n    <div class=\"botonera-hero\">\n      <button class=\"call-action-principal\" id=\"call-action-hero\"><i class=\"fab fa-whatsapp\"><\/i>     WhatsApp<\/button>\n      <button class=\"btn-video\" id=\"btn-video-hero\">Ver video<\/button>\n    <\/div>\n  <\/div>\n<div class=\"popup-video ocultar-video\">\n        <div class=\"content-video\">\n          <button class=\"btn-cerrar-video\" id=\"btn-close-video\">X<\/button>\n          <video id=\"video-baby\" class=\"video-hero\">\n            <source src=\"\/wp-content\/uploads\/2021\/05\/Baby-Cravy.mp4\" type=\"video\/mp4\">\n            <source src=\"\/wp-content\/uploads\/2021\/05\/Baby-Cravy.webm\" type=\"video\/webm\">\n            <source src=\"\/wp-content\/uploads\/2021\/05\/Baby-Cravy.ogg\" type=\"video\/ogg\">\n          <\/video>\n        <\/div>\n      <\/div>\n<\/div>\n\n\n\n<div class=\"cualidades\">\n    <div class=\"container\">\n        <h1>ORGULLOSOS DE SER:<\/h1>\n        <div class=\"content-cualidades\">\n            <div class=\"colum\">\n                <div class=\"content-img\">\n                    <img decoding=\"async\" src=\"http:\/\/babycravy.com\/wp-content\/uploads\/2021\/05\/group-7.png\" alt=\"Imagen de la cualidad\">\n                <\/div>\n                <p>Ultracongelado y empacado al vac\u00edo<\/p>\n            <\/div>\n            <div class=\"colum\">\n                <div class=\"content-img\">\n                    <img decoding=\"async\" src=\"http:\/\/babycravy.com\/wp-content\/uploads\/2021\/05\/group-20.png\" alt=\"Imagen de la cualidad\">\n                <\/div>\n                <p>Sin sal ni az\u00facar a\u00f1adidos<\/p>\n            <\/div>\n            <div class=\"colum\">\n                <div class=\"content-img flor\">\n                    <img decoding=\"async\" src=\"http:\/\/babycravy.com\/wp-content\/uploads\/2021\/05\/group-71.png\" alt=\"Imagen de la cualidad\">\n                <\/div>\n                <p>Org\u00e1nicos, Agroecol\u00f3gicos<\/p>\n            <\/div>\n            <div class=\"colum\">\n                <div class=\"content-img\">\n                    <img decoding=\"async\" src=\"http:\/\/babycravy.com\/wp-content\/uploads\/2021\/05\/group-201.png\" alt=\"Imagen de la cualidad\">\n                <\/div>\n                <p>Desinfectado con ozono<\/p>\n            <\/div>\n            <div class=\"colum\">\n                <div class=\"content-img sonrisa\">\n                    <img decoding=\"async\" src=\"http:\/\/babycravy.com\/wp-content\/uploads\/2021\/05\/group-2.png\" alt=\"Imagen de la cualidad\">\n                <\/div>\n                <p>Sin conservadores ni aditivos<\/p>\n            <\/div>\n        <\/div>\n    <\/div>\n<\/div>\n\n\n\n<div class=\"infografia\" id=\"infografia\">\n    <div class=\"content\">\n        <div class=\"col-images\">\n            <img decoding=\"async\" src=\"http:\/\/babycravy.com\/wp-content\/uploads\/2021\/05\/verduras.png\" alt=\"imagen de verduras\">\n        <\/div>\n        <div class=\"col-info\">\n            <h1>\u00a1Aqu\u00ed los mejores tips para beb\u00e9s felices y saludables!<\/h1>\n            <div id=\"content-items-slide\" class=\"container\"><\/div>\n        <\/div>\n    <\/div>\n<\/div>\n\n\n\n<div class=\"mejores\">\n    <div class=\"container\">\n        <img decoding=\"async\" src=\"http:\/\/babycravy.com\/wp-content\/uploads\/2021\/05\/group-7-1.png\" class=\"img-top\">\n        <h1>\u00bfPOR QU\u00c9 SOMOS LA MEJOR COMIDA PARA TU BEB\u00c9?<\/h1>\n        <p>Nos preocupamos en cocinar individualmente cada grupo de alimentos, para que nuestros beb\u00e9s disfruten y reconozcan textura, color y sabor desde su primer contacto con los alimentos s\u00f3lidos.<\/p>\n    <\/div>\n<\/div>\n\n\n\n<div class=\"sabores\" id=\"ciclos\">\n    <!-- Swiper -->\n    <div class=\"swiper-container swiper-container-home\">\n        <div class=\"swiper-wrapper\">\n             <div class=\"swiper-slide ciclo-1-1\">\n                <div class=\"content-slide container\">\n                    <div class=\"content-text-slide\">\n                        <h1>F\u00e1cil y r\u00e1pido<\/h1>\n                        <h2>Retire el empaque y descongele. <br> \u00a1Listo en 3 minutos!<\/h2>\n                    <\/div>\n                    <div class=\"content-img-slide\">\n                        <img decoding=\"async\" src=\"\/wp-content\/uploads\/2021\/05\/Ciclo1-.png\" alt=\"Imagen del ciclo f\u00e1cil y r\u00e1pido\">\n                    <\/div>\n                <\/div>\n                <img decoding=\"async\" src=\"\/wp-content\/uploads\/2021\/05\/group-358.png\" class=\"brush\">\n            <\/div>\n            <div class=\"swiper-slide ciclo-1-2\">\n                <div class=\"content-slide container\">\n                    <div class=\"content-text-slide\">\n                        <h1>Una adecuada nutrici\u00f3n<\/h1>\n                        <h2>Mientras los requerimientos nutricionales de tu beb\u00e9 cambian, Baby Cravy tambi\u00e9n.<\/h2>\n                    <\/div>\n                    <div class=\"content-img-slide\">\n                        <img decoding=\"async\" src=\"\/wp-content\/uploads\/2021\/05\/Ciclo2-.png\" alt=\"Imagen del ciclo una adecuada nutricion\">\n                    <\/div>\n                <\/div>\n                <img decoding=\"async\" src=\"\/wp-content\/uploads\/2021\/05\/group-358.png\" class=\"brush\">\n            <\/div>\n            <div class=\"swiper-slide ciclo-1\">\n                <div class=\"content-slide container\">\n                    <div class=\"content-text-slide\">\n                        <h1>CICLO 1<\/h1>\n                        <h2>Para beb\u00e9s a partir de 6 meses. Licuado, sin sal, pur\u00e9 de un solo sabor.<\/h2>\n                    <\/div>\n                    <div class=\"content-img-slide\">\n                        <img decoding=\"async\" src=\"\/wp-content\/uploads\/2021\/05\/Ciclo1.png\" alt=\"Imagen del ciclo 1\">\n                    <\/div>\n                <\/div>\n                <img decoding=\"async\" src=\"\/wp-content\/uploads\/2021\/05\/group-358.png\" class=\"brush\">\n            <\/div>\n            <div class=\"swiper-slide ciclo-2\">\n                <div class=\"content-slide container\">\n                    <div class=\"content-text-slide\">\n                        <h1>CICLO 2<\/h1>\n                        <h2>Para beb\u00e9s a partir de 7 meses, sin sal y bien machacado manualmente.<\/h2>\n                    <\/div>\n                    <div class=\"content-img-slide\">\n                        <img decoding=\"async\" src=\"\/wp-content\/uploads\/2021\/05\/Ciclo2.png\" alt=\"Imagen del ciclo 2\">\n                    <\/div>\n                <\/div>\n                <img decoding=\"async\" src=\"\/wp-content\/uploads\/2021\/05\/group-358.png\" class=\"brush\">\n            <\/div>\n            <div class=\"swiper-slide ciclo-3\">\n                <div class=\"content-slide container\">\n                    <div class=\"content-text-slide\">\n                        <h1>CICLO 3<\/h1>\n                        <h2>Para beb\u00e9s a partir de 9 meses, sin sal, machacado manualmente, con trocitos.<\/h2>\n                    <\/div>\n                    <div class=\"content-img-slide\">\n                        <img decoding=\"async\" src=\"\/wp-content\/uploads\/2021\/05\/Ciclo3-1.png\" alt=\"Imagen del ciclo 3\">\n                    <\/div>\n                <\/div>\n                <img decoding=\"async\" src=\"\/wp-content\/uploads\/2021\/05\/group-358.png\" class=\"brush\">\n            <\/div>\n            <div class=\"swiper-slide ciclo-4\">\n                <div class=\"content-slide container\">\n                    <div class=\"content-text-slide\">\n                        <h1>CICLO 4<\/h1>\n                        <h2>A partir de 12 meses, para toda la familia, sin sal y en trocitos.<\/h2>\n                    <\/div>\n                    <div class=\"content-img-slide\">\n                        <img decoding=\"async\" src=\"\/wp-content\/uploads\/2021\/05\/Ciclo4.png\" alt=\"Imagen del ciclo 4\">\n                    <\/div>\n                <\/div>\n                <img decoding=\"async\" src=\"\/wp-content\/uploads\/2021\/05\/group-358.png\" class=\"brush\">\n            <\/div>\n        <\/div>\n        <!-- Add Pagination -->\n        <div class=\"swiper-pagination\"><\/div>\n    <\/div>\n<\/div>\n\n\n\n<div class=\"funciona\">\n    <div class=\"container\">\n        <h1>\u00bfComo funciona?<\/h1>\n        <div class=\"content-funciona\">\n            <div class=\"colum\">\n                <div class=\"circulo\">1<\/div>\n                <p class=\"title\">ELIGE EL CICLO Y SABORES<\/p>\n                <button class=\"call-action-menu\" id=\"call-action-menu\">\n                  Nuestro Men\u00fa\n                <\/button>\n            <\/div>\n            <div class=\"colum\">\n                <div class=\"circulo\">2<\/div>\n                <p class=\"title\">HAZ TU PEDIDO<\/p>\n                <button class=\"call-action-packs\" id=\"call-action-packs\"><i class=\"fab fa-whatsapp\"><\/i>WhatsApp<\/button>\n            <\/div>\n            <div class=\"colum\">\n                <div class=\"circulo\">3<\/div>\n                <p class=\"title\">DESCONGELA<\/p>\n            <\/div>\n            <div class=\"colum\">\n                <div class=\"circulo\">4<\/div>\n                <p class=\"title\">DISFRUTEN JUNTOS Y REPITE<\/p>\n            <\/div>\n        <\/div>\n    <\/div>\n<\/div>\n\n\n\n<div class=\"planes\" id=\"planes\">\n    <div class=\"container\">\n        <img decoding=\"async\" src=\"http:\/\/babycravy.com\/wp-content\/uploads\/2021\/05\/group-25.png\">\n        <h1>AHORRA CON PACKS QUE PUEDEN FUNCIONAR PARA TI<\/h1>\n        <div class=\"content-planes container\">\n          <!-- Contenido se agrega mediante js -->\n        <\/div>\n        <button class=\"call-action-packs\"><i class=\"fab fa-whatsapp\"><\/i>     Ordenar<\/button>\n    <\/div>\n<\/div>\n\n\n\n<!--div class=\"historia\" id=\"historia\">\n  <div class=\"content-row container\">\n    <div>\n      <img decoding=\"async\" src=\"\/wp-content\/uploads\/2021\/05\/NuestraHistoria.png\">\n    <\/div>\n    <div>\n      <h1>Nuestra Historia<\/h1>\n      <p>Hola, somos Nat\u00e1lia y Gloria. Nuestra historia se remonta al momento en que nos convertimos en mam\u00e1s. \u00a1Cambi\u00f3 todo! Nuestros h\u00e1bitos y actividades. De un d\u00eda para otro nos transformamos en educadoras, cuentacuentos, chefs, animadoras y una versi\u00f3n m\u00e1s fuerte de nosotras mismas.<\/p>\n      <p>La historia nos hace creer que cuando te conviertes en madre ya sabes exactamente qu\u00e9 hacer, pero \u00a1no! ambas recordamos haber buscado en Google y en libros toda la informaci\u00f3n posible para hacerlo bien. Ya m\u00e1s avanzadas y guiadas por nutri\u00f3logas y pediatras, realizamos una investigaci\u00f3n intensiva sobre el impacto tremendo que tienen los alimentos en el desarrollo de nuestros hijos, descubrimos la importancia de la experiencia que significa la hora de la comida, los grupos de nutrientes ideales en cada etapa, la estimulaci\u00f3n de su curiosidad natural de explorar.<\/p>\n      <p>\u00a1Sabemos que ser mam\u00e1 es toda una aventura, si quieres hablar con alguien que te escuche con comprensi\u00f3n y empat\u00eda, si\u00e9ntete en la libertad de contact\u00e1rnos!\ud83d\udc47<\/p>\n    <\/div>\n  <\/div>\n<\/div -->\n\n\n\n<div class=\"content-img-item\" id=\"contactanos\">\n  <img decoding=\"async\" src=\"http:\/\/babycravy.com\/wp-content\/uploads\/2021\/05\/group-11.png\" class=\"item-form imagen-contactanos\">\n<\/div>\n\n\n<div class=\"wpforms-container block-contactanos wpforms-block wpforms-block-17496664-7c4f-4bde-af60-912173949ae6 form-home-bottom\" id=\"wpforms-610\"><form id=\"wpforms-form-610\" class=\"wpforms-validate wpforms-form wpforms-ajax-form\" data-formid=\"610\" method=\"post\" enctype=\"multipart\/form-data\" action=\"\/index.php?rest_route=%2Fwp%2Fv2%2Fpages%2F9\" data-token=\"91aaa47906667f896c4b6f683262e496\" data-token-time=\"1776401481\"><div class=\"wpforms-head-container\"><div class=\"wpforms-title\">Cont\u00e1ctanos<\/div><\/div><noscript class=\"wpforms-error-noscript\">Por favor, activa JavaScript en tu navegador para completar este formulario.<\/noscript><div class=\"wpforms-field-container\"><div id=\"wpforms-610-field_0-container\" class=\"wpforms-field wpforms-field-name input-nombre\" data-field-id=\"0\"><label class=\"wpforms-field-label\" for=\"wpforms-610-field_0\">Nombre <span class=\"wpforms-required-label\">*<\/span><\/label><input type=\"text\" id=\"wpforms-610-field_0\" class=\"wpforms-field-large wpforms-field-required\" name=\"wpforms[fields][0]\" placeholder=\"Nombre\" required><\/div><div id=\"wpforms-610-field_1-container\" class=\"wpforms-field wpforms-field-email input-correo\" data-field-id=\"1\"><label class=\"wpforms-field-label\" for=\"wpforms-610-field_1\">Correo electr\u00f3nico <span class=\"wpforms-required-label\">*<\/span><\/label><input type=\"email\" id=\"wpforms-610-field_1\" class=\"wpforms-field-large wpforms-field-required\" name=\"wpforms[fields][1]\" placeholder=\"Correo electr\u00f3nico\" spellcheck=\"false\" required><\/div><div id=\"wpforms-610-field_6-container\" class=\"wpforms-field wpforms-field-text input-telefono\" data-field-id=\"6\"><label class=\"wpforms-field-label\" for=\"wpforms-610-field_6\">Tel\u00e9fono<\/label><input type=\"text\" id=\"wpforms-610-field_6\" class=\"wpforms-field-large wpforms-limit-characters-enabled\" data-form-id=\"610\" data-field-id=\"6\" data-text-limit=\"20\" name=\"wpforms[fields][6]\" placeholder=\"Tel\u00e9fono\" maxlength=\"20\" ><div class=\"wpforms-field-description\">Por favor, d\u00e9janos tu tel\u00e9fono si deseas que te contactemos por WhatsApp. \u00a1Gracias!<\/div><\/div><div id=\"wpforms-610-field_4-container\" class=\"wpforms-field wpforms-field-select select-picklist wpforms-field-select-style-classic\" data-field-id=\"4\"><label class=\"wpforms-field-label\" for=\"wpforms-610-field_4\">\u00bfC\u00f3mo podemos ayudarte? <span class=\"wpforms-required-label\">*<\/span><\/label><select id=\"wpforms-610-field_4\" class=\"wpforms-field-large wpforms-field-required\" name=\"wpforms[fields][4]\" required=\"required\"><option value=\"\" class=\"placeholder\" disabled  selected='selected'>Selecciona una opci\u00f3n<\/option><option value=\"Nuevo Pedido\"  class=\"choice-1 depth-1\"  >Nuevo Pedido<\/option><option value=\"Seguimiento a Pedidos\"  class=\"choice-2 depth-1\"  >Seguimiento a Pedidos<\/option><option value=\"Informaci\u00f3n Sobre Productos\"  class=\"choice-3 depth-1\"  >Informaci\u00f3n Sobre Productos<\/option><option value=\"Quiero Ser Distribuidor\"  class=\"choice-4 depth-1\"  >Quiero Ser Distribuidor<\/option><option value=\"Otro\"  class=\"choice-5 depth-1\"  >Otro<\/option><\/select><\/div><div id=\"wpforms-610-field_2-container\" class=\"wpforms-field wpforms-field-textarea textarea-mensaje\" data-field-id=\"2\"><label class=\"wpforms-field-label\" for=\"wpforms-610-field_2\">Mensaje<\/label><textarea id=\"wpforms-610-field_2\" class=\"wpforms-field-medium\" name=\"wpforms[fields][2]\" ><\/textarea><div class=\"wpforms-field-description\">This site is protected by reCAPTCHA and the Google\r\n    <a href=\"https:\/\/policies.google.com\/privacy\">Privacy Policy<\/a> and\r\n    <a href=\"https:\/\/policies.google.com\/terms\">Terms of Service<\/a> apply.<\/div><\/div><\/div><!-- .wpforms-field-container --><div class=\"wpforms-recaptcha-container wpforms-is-recaptcha wpforms-is-recaptcha-type-v3\" ><input type=\"hidden\" name=\"wpforms[recaptcha]\" value=\"\"><\/div><div class=\"wpforms-submit-container\" ><input type=\"hidden\" name=\"wpforms[id]\" value=\"610\"><input type=\"hidden\" name=\"page_title\" value=\"\"><input type=\"hidden\" name=\"page_url\" value=\"https:\/\/babycravy.com\/index.php?rest_route=\/wp\/v2\/pages\/9\"><input type=\"hidden\" name=\"url_referer\" value=\"\"><button type=\"submit\" name=\"wpforms[submit]\" id=\"wpforms-submit-610\" class=\"wpforms-submit\" data-alt-text=\"Enviando...\" data-submit-text=\"Enviar\" aria-live=\"assertive\" value=\"wpforms-submit\">Enviar<\/button><img decoding=\"async\" src=\"https:\/\/babycravy.com\/wp-content\/plugins\/wpforms-lite\/assets\/images\/submit-spin.svg\" class=\"wpforms-submit-spinner\" style=\"display: none;\" width=\"26\" height=\"26\" alt=\"Cargando\"><\/div><\/form><\/div>  <!-- .wpforms-container -->\n\n\n<div class=\"content-img-item-2\">\n  <img decoding=\"async\" src=\"http:\/\/babycravy.com\/wp-content\/uploads\/2021\/05\/group-358-1.png\" class=\"item-form-2\">\n<\/div>\n\n\n\n<p><\/p>\n","protected":false},"excerpt":{"rendered":"<p>Alimentamos su imaginaci\u00f3n Cubitos de comida para beb\u00e9, saludable, deliciosa y s\u00faper nutritiva para una perfecta introducci\u00f3n a s\u00f3lidos. WhatsApp Ver video X ORGULLOSOS DE SER: Ultracongelado y empacado al vac\u00edo Sin sal ni az\u00facar a\u00f1adidos Org\u00e1nicos, Agroecol\u00f3gicos Desinfectado con ozono Sin conservadores ni aditivos \u00a1Aqu\u00ed los mejores tips para beb\u00e9s felices y saludables! \u00bfPOR&hellip;&nbsp;<a href=\"https:\/\/babycravy.com\/\" class=\"\" rel=\"bookmark\">Leer m\u00e1s &raquo;<span class=\"screen-reader-text\">Inicio<\/span><\/a><\/p>\n","protected":false},"author":1,"featured_media":0,"parent":0,"menu_order":0,"comment_status":"closed","ping_status":"closed","template":"page-templates\/template-pagebuilder-full-width.php","meta":{"om_disable_all_campaigns":false,"_monsterinsights_skip_tracking":false,"_monsterinsights_sitenote_active":false,"_monsterinsights_sitenote_note":"","_monsterinsights_sitenote_category":0,"_uf_show_specific_survey":0,"_uf_disable_surveys":false,"neve_meta_sidebar":"","neve_meta_container":"","neve_meta_enable_content_width":"","neve_meta_content_width":0,"neve_meta_title_alignment":"","neve_meta_author_avatar":"","neve_post_elements_order":"","neve_meta_disable_header":"","neve_meta_disable_footer":"","neve_meta_disable_title":"","footnotes":""},"class_list":["post-9","page","type-page","status-publish","hentry"],"aioseo_notices":[],"jetpack_sharing_enabled":true,"_links":{"self":[{"href":"https:\/\/babycravy.com\/index.php?rest_route=\/wp\/v2\/pages\/9","targetHints":{"allow":["GET"]}}],"collection":[{"href":"https:\/\/babycravy.com\/index.php?rest_route=\/wp\/v2\/pages"}],"about":[{"href":"https:\/\/babycravy.com\/index.php?rest_route=\/wp\/v2\/types\/page"}],"author":[{"embeddable":true,"href":"https:\/\/babycravy.com\/index.php?rest_route=\/wp\/v2\/users\/1"}],"replies":[{"embeddable":true,"href":"https:\/\/babycravy.com\/index.php?rest_route=%2Fwp%2Fv2%2Fcomments&post=9"}],"version-history":[{"count":186,"href":"https:\/\/babycravy.com\/index.php?rest_route=\/wp\/v2\/pages\/9\/revisions"}],"predecessor-version":[{"id":2102,"href":"https:\/\/babycravy.com\/index.php?rest_route=\/wp\/v2\/pages\/9\/revisions\/2102"}],"wp:attachment":[{"href":"https:\/\/babycravy.com\/index.php?rest_route=%2Fwp%2Fv2%2Fmedia&parent=9"}],"curies":[{"name":"wp","href":"https:\/\/api.w.org\/{rel}","templated":true}]}}