{"id":2060,"date":"2024-05-23T11:11:34","date_gmt":"2024-05-23T17:11:34","guid":{"rendered":"https:\/\/babycravy.com\/?product=ciclo-2-veggie"},"modified":"2026-03-16T08:29:07","modified_gmt":"2026-03-16T14:29:07","slug":"ciclo-2-veggie","status":"publish","type":"product","link":"https:\/\/babycravy.com\/?product=ciclo-2-veggie","title":{"rendered":"Ciclo 2 Veggie"},"content":{"rendered":"<p>Guacamole con ch\u00edcharos, sazonado con lim\u00f3n &#8211; 1 cubito<br \/>\nQuinoa, sazonada con poro &#8211; 1 cubito<br \/>\nLentejas y pl\u00e1tano macho, con jitomate, cebolla morada y ajo &#8211; 1 cubito<br \/>\nZanahoria &#8211; 1 cubito<br \/>\nMen\u00fa completo, machacado a mano<br \/>\n4 cubitos de 30g cada uno<br \/>\nA partir de los 7 meses de edad<\/p>\n","protected":false},"excerpt":{"rendered":"<p>Guacamole con ch\u00edcharos, sazonado con lim\u00f3n &#8211; 1 cubito Quinoa, sazonada con poro &#8211; 1 cubito Lentejas y pl\u00e1tano macho, con jitomate, cebolla morada y ajo &#8211; 1 cubito Zanahoria &#8211; 1 cubito Men\u00fa completo, machacado a mano 4 cubitos de 30g cada uno A partir de los 7 meses de edad<\/p>\n","protected":false},"featured_media":2154,"comment_status":"open","ping_status":"closed","template":"","meta":{"om_disable_all_campaigns":false,"_monsterinsights_skip_tracking":false,"_monsterinsights_sitenote_active":false,"_monsterinsights_sitenote_note":"","_monsterinsights_sitenote_category":0,"_uf_show_specific_survey":0,"_uf_disable_surveys":false,"neve_meta_sidebar":"","neve_meta_container":"","neve_meta_enable_content_width":"","neve_meta_content_width":0,"neve_meta_title_alignment":"","neve_meta_author_avatar":"","neve_post_elements_order":"","neve_meta_disable_header":"","neve_meta_disable_footer":"","neve_meta_disable_title":""},"product_brand":[],"product_cat":[36],"product_tag":[37,35,38],"class_list":{"0":"post-2060","1":"product","2":"type-product","3":"status-publish","4":"has-post-thumbnail","6":"product_cat-ciclo-2","7":"product_tag-machacado","8":"product_tag-organico","9":"product_tag-vegano","11":"first","12":"instock","13":"taxable","14":"shipping-taxable","15":"purchasable","16":"product-type-simple"},"aioseo_notices":[],"jetpack_sharing_enabled":true,"_links":{"self":[{"href":"https:\/\/babycravy.com\/index.php?rest_route=\/wp\/v2\/product\/2060","targetHints":{"allow":["GET"]}}],"collection":[{"href":"https:\/\/babycravy.com\/index.php?rest_route=\/wp\/v2\/product"}],"about":[{"href":"https:\/\/babycravy.com\/index.php?rest_route=\/wp\/v2\/types\/product"}],"replies":[{"embeddable":true,"href":"https:\/\/babycravy.com\/index.php?rest_route=%2Fwp%2Fv2%2Fcomments&post=2060"}],"wp:featuredmedia":[{"embeddable":true,"href":"https:\/\/babycravy.com\/index.php?rest_route=\/wp\/v2\/media\/2154"}],"wp:attachment":[{"href":"https:\/\/babycravy.com\/index.php?rest_route=%2Fwp%2Fv2%2Fmedia&parent=2060"}],"wp:term":[{"taxonomy":"product_brand","embeddable":true,"href":"https:\/\/babycravy.com\/index.php?rest_route=%2Fwp%2Fv2%2Fproduct_brand&post=2060"},{"taxonomy":"product_cat","embeddable":true,"href":"https:\/\/babycravy.com\/index.php?rest_route=%2Fwp%2Fv2%2Fproduct_cat&post=2060"},{"taxonomy":"product_tag","embeddable":true,"href":"https:\/\/babycravy.com\/index.php?rest_route=%2Fwp%2Fv2%2Fproduct_tag&post=2060"}],"curies":[{"name":"wp","href":"https:\/\/api.w.org\/{rel}","templated":true}]}}