{"id":2071,"date":"2024-05-23T11:11:42","date_gmt":"2024-05-23T17:11:42","guid":{"rendered":"https:\/\/babycravy.com\/?product=ciclo-4-veg-bolitas"},"modified":"2026-03-16T08:29:09","modified_gmt":"2026-03-16T14:29:09","slug":"ciclo-4-veg-bolitas","status":"publish","type":"product","link":"https:\/\/babycravy.com\/?product=ciclo-4-veg-bolitas","title":{"rendered":"Ciclo 4 Veg-Bolitas"},"content":{"rendered":"<p>Alb\u00f3ndigas veganas, con garbanzo, arroz, br\u00f3coli y aceite de oliva &#8211; 4 alb\u00f3ndigas<br \/>\nMango &#8211; 2 cubitos<br \/>\nJitomate, sazonado con albahaca y romero &#8211; 2 cubitos<br \/>\nChayote &#8211; 2 cubitos<br \/>\nMen\u00fa completo, en trocitos peque\u00f1os<br \/>\n6 cubitos de 30g cada uno y 4 alb\u00f3ndigas de 15g cada una<br \/>\nA partir de los 9 meses de edad<\/p>\n","protected":false},"excerpt":{"rendered":"<p>Alb\u00f3ndigas veganas, con garbanzo, arroz, br\u00f3coli y aceite de oliva &#8211; 4 alb\u00f3ndigas Mango &#8211; 2 cubitos Jitomate, sazonado con albahaca y romero &#8211; 2 cubitos Chayote &#8211; 2 cubitos Men\u00fa completo, en trocitos peque\u00f1os 6 cubitos de 30g cada uno y 4 alb\u00f3ndigas de 15g cada una A partir de los 9 meses de&hellip;&nbsp;<a href=\"https:\/\/babycravy.com\/?product=ciclo-4-veg-bolitas\" class=\"\" rel=\"bookmark\">Leer m\u00e1s &raquo;<span class=\"screen-reader-text\">Ciclo 4 Veg-Bolitas<\/span><\/a><\/p>\n","protected":false},"featured_media":2155,"comment_status":"open","ping_status":"closed","template":"","meta":{"om_disable_all_campaigns":false,"_monsterinsights_skip_tracking":false,"_monsterinsights_sitenote_active":false,"_monsterinsights_sitenote_note":"","_monsterinsights_sitenote_category":0,"_uf_show_specific_survey":0,"_uf_disable_surveys":false,"neve_meta_sidebar":"","neve_meta_container":"","neve_meta_enable_content_width":"","neve_meta_content_width":0,"neve_meta_title_alignment":"","neve_meta_author_avatar":"","neve_post_elements_order":"","neve_meta_disable_header":"","neve_meta_disable_footer":"","neve_meta_disable_title":""},"product_brand":[],"product_cat":[39],"product_tag":[40,35,38],"class_list":{"0":"post-2071","1":"product","2":"type-product","3":"status-publish","4":"has-post-thumbnail","6":"product_cat-ciclo-4","7":"product_tag-en-trocitos","8":"product_tag-organico","9":"product_tag-vegano","11":"first","12":"instock","13":"taxable","14":"shipping-taxable","15":"purchasable","16":"product-type-simple"},"aioseo_notices":[],"jetpack_sharing_enabled":true,"_links":{"self":[{"href":"https:\/\/babycravy.com\/index.php?rest_route=\/wp\/v2\/product\/2071","targetHints":{"allow":["GET"]}}],"collection":[{"href":"https:\/\/babycravy.com\/index.php?rest_route=\/wp\/v2\/product"}],"about":[{"href":"https:\/\/babycravy.com\/index.php?rest_route=\/wp\/v2\/types\/product"}],"replies":[{"embeddable":true,"href":"https:\/\/babycravy.com\/index.php?rest_route=%2Fwp%2Fv2%2Fcomments&post=2071"}],"wp:featuredmedia":[{"embeddable":true,"href":"https:\/\/babycravy.com\/index.php?rest_route=\/wp\/v2\/media\/2155"}],"wp:attachment":[{"href":"https:\/\/babycravy.com\/index.php?rest_route=%2Fwp%2Fv2%2Fmedia&parent=2071"}],"wp:term":[{"taxonomy":"product_brand","embeddable":true,"href":"https:\/\/babycravy.com\/index.php?rest_route=%2Fwp%2Fv2%2Fproduct_brand&post=2071"},{"taxonomy":"product_cat","embeddable":true,"href":"https:\/\/babycravy.com\/index.php?rest_route=%2Fwp%2Fv2%2Fproduct_cat&post=2071"},{"taxonomy":"product_tag","embeddable":true,"href":"https:\/\/babycravy.com\/index.php?rest_route=%2Fwp%2Fv2%2Fproduct_tag&post=2071"}],"curies":[{"name":"wp","href":"https:\/\/api.w.org\/{rel}","templated":true}]}}