{"id":2077,"date":"2024-05-23T11:11:44","date_gmt":"2024-05-23T17:11:44","guid":{"rendered":"https:\/\/babycravy.com\/?product=snacks-green-hotcakes"},"modified":"2026-03-16T08:29:10","modified_gmt":"2026-03-16T14:29:10","slug":"snacks-green-hotcakes","status":"publish","type":"product","link":"https:\/\/babycravy.com\/?product=snacks-green-hotcakes","title":{"rendered":"Snacks Green-Hotcakes"},"content":{"rendered":"<p>Snack saludable para beb\u00e9s desde los 6 meses de edad.<br \/>\nIdeal para iniciar con BLW, Hot cakes peque\u00f1os.<br \/>\nHot cakes, elaborados con pl\u00e1tano, avena, huevo, almendras y espinacas &#8211; 4 piezas<br \/>\n4 Hot cakes de 15g cada uno<br \/>\nA partir de los 6 meses de edad<\/p>\n","protected":false},"excerpt":{"rendered":"<p>Snack saludable para beb\u00e9s desde los 6 meses de edad. Ideal para iniciar con BLW, Hot cakes peque\u00f1os. Hot cakes, elaborados con pl\u00e1tano, avena, huevo, almendras y espinacas &#8211; 4 piezas 4 Hot cakes de 15g cada uno A partir de los 6 meses de edad<\/p>\n","protected":false},"featured_media":2012,"comment_status":"open","ping_status":"closed","template":"","meta":{"om_disable_all_campaigns":false,"_monsterinsights_skip_tracking":false,"_monsterinsights_sitenote_active":false,"_monsterinsights_sitenote_note":"","_monsterinsights_sitenote_category":0,"_uf_show_specific_survey":0,"_uf_disable_surveys":false,"neve_meta_sidebar":"","neve_meta_container":"","neve_meta_enable_content_width":"","neve_meta_content_width":0,"neve_meta_title_alignment":"","neve_meta_author_avatar":"","neve_post_elements_order":"","neve_meta_disable_header":"","neve_meta_disable_footer":"","neve_meta_disable_title":""},"product_brand":[],"product_cat":[42],"product_tag":[41,35],"class_list":{"0":"post-2077","1":"product","2":"type-product","3":"status-publish","4":"has-post-thumbnail","6":"product_cat-snacks","7":"product_tag-blw","8":"product_tag-organico","10":"first","11":"instock","12":"taxable","13":"shipping-taxable","14":"purchasable","15":"product-type-simple"},"aioseo_notices":[],"jetpack_sharing_enabled":true,"_links":{"self":[{"href":"https:\/\/babycravy.com\/index.php?rest_route=\/wp\/v2\/product\/2077","targetHints":{"allow":["GET"]}}],"collection":[{"href":"https:\/\/babycravy.com\/index.php?rest_route=\/wp\/v2\/product"}],"about":[{"href":"https:\/\/babycravy.com\/index.php?rest_route=\/wp\/v2\/types\/product"}],"replies":[{"embeddable":true,"href":"https:\/\/babycravy.com\/index.php?rest_route=%2Fwp%2Fv2%2Fcomments&post=2077"}],"wp:featuredmedia":[{"embeddable":true,"href":"https:\/\/babycravy.com\/index.php?rest_route=\/wp\/v2\/media\/2012"}],"wp:attachment":[{"href":"https:\/\/babycravy.com\/index.php?rest_route=%2Fwp%2Fv2%2Fmedia&parent=2077"}],"wp:term":[{"taxonomy":"product_brand","embeddable":true,"href":"https:\/\/babycravy.com\/index.php?rest_route=%2Fwp%2Fv2%2Fproduct_brand&post=2077"},{"taxonomy":"product_cat","embeddable":true,"href":"https:\/\/babycravy.com\/index.php?rest_route=%2Fwp%2Fv2%2Fproduct_cat&post=2077"},{"taxonomy":"product_tag","embeddable":true,"href":"https:\/\/babycravy.com\/index.php?rest_route=%2Fwp%2Fv2%2Fproduct_tag&post=2077"}],"curies":[{"name":"wp","href":"https:\/\/api.w.org\/{rel}","templated":true}]}}