{"id":2081,"date":"2024-05-23T11:11:45","date_gmt":"2024-05-23T17:11:45","guid":{"rendered":"https:\/\/babycravy.com\/?product=snacks-familiares-meaty"},"modified":"2026-03-16T08:29:10","modified_gmt":"2026-03-16T14:29:10","slug":"snacks-familiares-meaty","status":"publish","type":"product","link":"https:\/\/babycravy.com\/?product=snacks-familiares-meaty","title":{"rendered":"Snacks Familiares Meaty"},"content":{"rendered":"<p>Snack saludable para toda la familia.<br \/>\nAlb\u00f3ndigas de Carne, elaboradas con carne de res org\u00e1nica molida, zanahoria, espinacas, cebolla, harina de arroz, avena, huevo org\u00e1nico, perejil, aceite de oliva y sal  &#8211; 6 piezas<br \/>\n6 Alb\u00f3ndigas de 15g cada una<br \/>\nA partir de los 18 meses de edad<\/p>\n","protected":false},"excerpt":{"rendered":"<p>Snack saludable para toda la familia. Alb\u00f3ndigas de Carne, elaboradas con carne de res org\u00e1nica molida, zanahoria, espinacas, cebolla, harina de arroz, avena, huevo org\u00e1nico, perejil, aceite de oliva y sal &#8211; 6 piezas 6 Alb\u00f3ndigas de 15g cada una A partir de los 18 meses de edad<\/p>\n","protected":false},"featured_media":2029,"comment_status":"open","ping_status":"closed","template":"","meta":{"om_disable_all_campaigns":false,"_monsterinsights_skip_tracking":false,"_monsterinsights_sitenote_active":false,"_monsterinsights_sitenote_note":"","_monsterinsights_sitenote_category":0,"_uf_show_specific_survey":0,"_uf_disable_surveys":false,"neve_meta_sidebar":"","neve_meta_container":"","neve_meta_enable_content_width":"","neve_meta_content_width":0,"neve_meta_title_alignment":"","neve_meta_author_avatar":"","neve_post_elements_order":"","neve_meta_disable_header":"","neve_meta_disable_footer":"","neve_meta_disable_title":""},"product_brand":[],"product_cat":[43],"product_tag":[35,44],"class_list":{"0":"post-2081","1":"product","2":"type-product","3":"status-publish","4":"has-post-thumbnail","6":"product_cat-snacks-familiares","7":"product_tag-organico","8":"product_tag-para-toda-la-familia","10":"first","11":"instock","12":"taxable","13":"shipping-taxable","14":"purchasable","15":"product-type-simple"},"aioseo_notices":[],"jetpack_sharing_enabled":true,"_links":{"self":[{"href":"https:\/\/babycravy.com\/index.php?rest_route=\/wp\/v2\/product\/2081","targetHints":{"allow":["GET"]}}],"collection":[{"href":"https:\/\/babycravy.com\/index.php?rest_route=\/wp\/v2\/product"}],"about":[{"href":"https:\/\/babycravy.com\/index.php?rest_route=\/wp\/v2\/types\/product"}],"replies":[{"embeddable":true,"href":"https:\/\/babycravy.com\/index.php?rest_route=%2Fwp%2Fv2%2Fcomments&post=2081"}],"wp:featuredmedia":[{"embeddable":true,"href":"https:\/\/babycravy.com\/index.php?rest_route=\/wp\/v2\/media\/2029"}],"wp:attachment":[{"href":"https:\/\/babycravy.com\/index.php?rest_route=%2Fwp%2Fv2%2Fmedia&parent=2081"}],"wp:term":[{"taxonomy":"product_brand","embeddable":true,"href":"https:\/\/babycravy.com\/index.php?rest_route=%2Fwp%2Fv2%2Fproduct_brand&post=2081"},{"taxonomy":"product_cat","embeddable":true,"href":"https:\/\/babycravy.com\/index.php?rest_route=%2Fwp%2Fv2%2Fproduct_cat&post=2081"},{"taxonomy":"product_tag","embeddable":true,"href":"https:\/\/babycravy.com\/index.php?rest_route=%2Fwp%2Fv2%2Fproduct_tag&post=2081"}],"curies":[{"name":"wp","href":"https:\/\/api.w.org\/{rel}","templated":true}]}}