{"id":2207,"date":"2024-12-18T11:07:51","date_gmt":"2024-12-18T17:07:51","guid":{"rendered":"https:\/\/babycravy.com\/?product=ciclo-4-noel"},"modified":"2026-03-16T08:29:10","modified_gmt":"2026-03-16T14:29:10","slug":"ciclo-4-noel","status":"publish","type":"product","link":"https:\/\/babycravy.com\/?product=ciclo-4-noel","title":{"rendered":"Ciclo 4 Noel"},"content":{"rendered":"<p>MEN\u00da NAVIDE\u00d1O<br \/>\nPollo Navide\u00f1o con ciruela pasa, d\u00e1tiles, chabacano y hierbas &#8211; 2 cubitos<br \/>\nRatatouille, sopa de calabacita, jitomate, berenjena y pimiento &#8211; 3 cubitos<br \/>\nPasta Rigatoni integral, org\u00e1nica, sin gluten, con aceite de oliva &#8211; 3 cubitos<br \/>\nMen\u00fa completo, en trocitos peque\u00f1os<br \/>\n8 cubitos de 30g cada uno<br \/>\nA partir de los 9 meses de edad<\/p>\n","protected":false},"excerpt":{"rendered":"<p>MEN\u00da NAVIDE\u00d1O Pollo Navide\u00f1o con ciruela pasa, d\u00e1tiles, chabacano y hierbas &#8211; 2 cubitos Ratatouille, sopa de calabacita, jitomate, berenjena y pimiento &#8211; 3 cubitos Pasta Rigatoni integral, org\u00e1nica, sin gluten, con aceite de oliva &#8211; 3 cubitos Men\u00fa completo, en trocitos peque\u00f1os 8 cubitos de 30g cada uno A partir de los 9 meses&hellip;&nbsp;<a href=\"https:\/\/babycravy.com\/?product=ciclo-4-noel\" class=\"\" rel=\"bookmark\">Leer m\u00e1s &raquo;<span class=\"screen-reader-text\">Ciclo 4 Noel<\/span><\/a><\/p>\n","protected":false},"featured_media":2199,"comment_status":"open","ping_status":"closed","template":"","meta":{"om_disable_all_campaigns":false,"_monsterinsights_skip_tracking":false,"_monsterinsights_sitenote_active":false,"_monsterinsights_sitenote_note":"","_monsterinsights_sitenote_category":0,"_uf_show_specific_survey":0,"_uf_disable_surveys":false,"neve_meta_sidebar":"","neve_meta_container":"","neve_meta_enable_content_width":"off","neve_meta_content_width":100,"neve_meta_title_alignment":"","neve_meta_author_avatar":"","neve_post_elements_order":"","neve_meta_disable_header":"","neve_meta_disable_footer":"","neve_meta_disable_title":""},"product_brand":[],"product_cat":[45],"product_tag":[40,35],"class_list":{"0":"post-2207","1":"product","2":"type-product","3":"status-publish","4":"has-post-thumbnail","6":"product_cat-temporada","7":"product_tag-en-trocitos","8":"product_tag-organico","10":"first","11":"instock","12":"taxable","13":"shipping-taxable","14":"purchasable","15":"product-type-simple"},"aioseo_notices":[],"jetpack_sharing_enabled":true,"_links":{"self":[{"href":"https:\/\/babycravy.com\/index.php?rest_route=\/wp\/v2\/product\/2207","targetHints":{"allow":["GET"]}}],"collection":[{"href":"https:\/\/babycravy.com\/index.php?rest_route=\/wp\/v2\/product"}],"about":[{"href":"https:\/\/babycravy.com\/index.php?rest_route=\/wp\/v2\/types\/product"}],"replies":[{"embeddable":true,"href":"https:\/\/babycravy.com\/index.php?rest_route=%2Fwp%2Fv2%2Fcomments&post=2207"}],"wp:featuredmedia":[{"embeddable":true,"href":"https:\/\/babycravy.com\/index.php?rest_route=\/wp\/v2\/media\/2199"}],"wp:attachment":[{"href":"https:\/\/babycravy.com\/index.php?rest_route=%2Fwp%2Fv2%2Fmedia&parent=2207"}],"wp:term":[{"taxonomy":"product_brand","embeddable":true,"href":"https:\/\/babycravy.com\/index.php?rest_route=%2Fwp%2Fv2%2Fproduct_brand&post=2207"},{"taxonomy":"product_cat","embeddable":true,"href":"https:\/\/babycravy.com\/index.php?rest_route=%2Fwp%2Fv2%2Fproduct_cat&post=2207"},{"taxonomy":"product_tag","embeddable":true,"href":"https:\/\/babycravy.com\/index.php?rest_route=%2Fwp%2Fv2%2Fproduct_tag&post=2207"}],"curies":[{"name":"wp","href":"https:\/\/api.w.org\/{rel}","templated":true}]}}